{"id":458,"date":"2014-01-14T18:32:23","date_gmt":"2014-01-14T23:32:23","guid":{"rendered":"http:\/\/www.veterinariosvs.org\/editorial\/?page_id=458"},"modified":"2024-03-08T17:20:46","modified_gmt":"2024-03-08T22:20:46","slug":"nosotros","status":"publish","type":"page","link":"https:\/\/www.veterinariosvs.org\/editorial\/nosotros\/","title":{"rendered":"Nosotros"},"content":{"rendered":"\n<p>El Sello Editorial VVS es el \u00e1rea encargada de la divulgaci\u00f3n de manuscritos, productos y obras de la Asociaci\u00f3n de Veterinarios de Vida Silvestre y sus asociados. Publicamos revistas, libros, gu\u00edas, manuales, aplicaciones ofim\u00e1ticas y dem\u00e1s recursos que contribuyen al conocimiento, gesti\u00f3n y manejo de la vida silvestre. El comit\u00e9 editorial VVS est\u00e1 conformado por:<\/p>\n\n\n\n<h3 class=\"wp-block-heading\">Editor General<\/h3>\n\n\n\n<ul id=\"block-5a2be2c7-a2d0-4810-a7e0-8827318fc15e\">\n<li><a rel=\"noreferrer noopener\" href=\"https:\/\/www.veterinariosvs.org\/miembros\/nestorvarela\/profile\/\" target=\"_blank\">N\u00e9stor Varela<\/a><\/li>\n<\/ul>\n\n\n\n<h3 class=\"wp-block-heading\">Comit\u00e9 editorial<\/h3>\n\n\n\n<ul>\n<li><a href=\"https:\/\/www.veterinariosvs.org\/miembros\/monicafranco\/\" data-type=\"URL\" data-id=\"https:\/\/www.veterinariosvs.org\/miembros\/monicafranco\/\" target=\"_blank\" rel=\"noreferrer noopener\">M\u00f3nica Franco<\/a><\/li>\n\n\n\n<li><a href=\"https:\/\/www.veterinariosvs.org\/miembros\/linapelaez\" target=\"_blank\" rel=\"noreferrer noopener\">Lina Pel\u00e1ez<\/a><\/li>\n\n\n\n<li><a href=\"https:\/\/www.veterinariosvs.org\/miembros\/milenapenuela\/\" target=\"_blank\" rel=\"noreferrer noopener\">Sandra Milena Pe\u00f1uela<\/a><\/li>\n\n\n\n<li><a href=\"https:\/\/www.veterinariosvs.org\/miembros\/victoriarodriguez\/\" target=\"_blank\" rel=\"noreferrer noopener\">Victoria Rodr\u00edguez<\/a><\/li>\n\n\n\n<li><a href=\"https:\/\/www.veterinariosvs.org\/miembros\/lilianarojas\/\" target=\"_blank\" rel=\"noreferrer noopener\">Liliana Rojas<\/a><\/li>\n\n\n\n<li><a href=\"https:\/\/www.veterinariosvs.org\/miembros\/catalina-trujillo-salinas\/\" target=\"_blank\" rel=\"noreferrer noopener\">Catalina Trujillo<\/a><\/li>\n<\/ul>\n\n\n\n<h3 class=\"wp-block-heading\">Revisores<\/h3>\n\n\n\n<ul>\n<li><a rel=\"noreferrer noopener\" href=\"https:\/\/www.veterinariosvs.org\/miembros\/claudiabrieva\/profile\/\" target=\"_blank\">Claudia Brieva-Rico<\/a><\/li>\n\n\n\n<li><a rel=\"noreferrer noopener\" href=\"https:\/\/www.veterinariosvs.org\/miembros\/paulacastano\/\" target=\"_blank\">Paula Casta\u00f1o<\/a><\/li>\n\n\n\n<li><a rel=\"noreferrer noopener\" href=\"https:\/\/www.veterinariosvs.org\/miembros\/andrea-fajardo\/\" target=\"_blank\">Andrea Fajardo G.<\/a><\/li>\n\n\n\n<li><a href=\"https:\/\/www.veterinariosvs.org\/miembros\/carolinagutierrez\/profile\/\" target=\"_blank\" rel=\"noreferrer noopener\">Carolina Guti\u00e9rrez<\/a><\/li>\n\n\n\n<li><a href=\"https:\/\/www.veterinariosvs.org\/miembros\/smlampream\/\" target=\"_blank\" rel=\"noreferrer noopener\">Sandra Milena Lamprea<\/a><\/li>\n\n\n\n<li><a rel=\"noreferrer noopener\" href=\"https:\/\/www.veterinariosvs.org\/miembros\/lorenalopez\/profile\/\" target=\"_blank\">Alba Lorena L\u00f3pez<\/a><\/li>\n\n\n\n<li><a rel=\"noreferrer noopener\" href=\"https:\/\/www.veterinariosvs.org\/miembros\/estefania\/profile\/\" target=\"_blank\">Estefan\u00eda Parra<\/a><\/li>\n\n\n\n<li><a rel=\"noreferrer noopener\" href=\"https:\/\/www.veterinariosvs.org\/miembros\/silviaparra\/\" target=\"_blank\">Silvia Parra<\/a><\/li>\n\n\n\n<li><a rel=\"noreferrer noopener\" href=\"https:\/\/www.veterinariosvs.org\/miembros\/julianaperez\/profile\/\" target=\"_blank\">Juliana P\u00e9rez-Tobar<\/a><\/li>\n\n\n\n<li><a href=\"https:\/\/www.veterinariosvs.org\/miembros\/robinpoches\/\" target=\"_blank\" rel=\"noreferrer noopener\">Robin Poches<\/a><\/li>\n\n\n\n<li><a href=\"https:\/\/www.veterinariosvs.org\/miembros\/linapuentes\/\" target=\"_blank\" rel=\"noreferrer noopener\">Lina Puentes<\/a><\/li>\n\n\n\n<li><a rel=\"noreferrer noopener\" href=\"http:\/\/www.diegosoler.veterinariosvs.org\" target=\"_blank\">Diego Soler-Tovar<\/a><\/li>\n\n\n\n<li><a href=\"https:\/\/www.veterinariosvs.org\/miembros\/juanussa\/\" target=\"_blank\" rel=\"noreferrer noopener\">Nicolas Ussa<\/a><\/li>\n\n\n\n<li><a rel=\"noreferrer noopener\" href=\"http:\/\/www.veterinariosvs.org\/blog\/mauriciovargas\" target=\"_blank\">Mauricio Vargas<\/a><\/li>\n\n\n\n<li><a rel=\"noreferrer noopener\" href=\"https:\/\/www.veterinariosvs.org\/miembros\/nataliazuluaga\/profile\/\" target=\"_blank\">Natalia Zuluaga<\/a><\/li>\n<\/ul>\n\n\n\n<p>Ingresa al grupo de trabajo del Sello editorial en <a href=\"https:\/\/www.veterinariosvs.org\/grupos\/editorial\" target=\"_blank\" rel=\"noreferrer noopener\">https:\/\/www.veterinariosvs.org\/grupos\/editorial<\/a><\/p>\n","protected":false},"excerpt":{"rendered":"<p>El Sello Editorial VVS es el \u00e1rea encargada de la divulgaci\u00f3n de manuscritos, productos y obras de la Asociaci\u00f3n de Veterinarios de Vida Silvestre y sus asociados. Publicamos revistas, libros, gu\u00edas, manuales, aplicaciones ofim\u00e1ticas y dem\u00e1s recursos que contribuyen al conocimiento, gesti\u00f3n y manejo de la vida silvestre. El comit\u00e9 editorial VVS est\u00e1 conformado por:&hellip;&nbsp;<a href=\"https:\/\/www.veterinariosvs.org\/editorial\/nosotros\/\" class=\"\" rel=\"bookmark\">Leer m\u00e1s &raquo;<span class=\"screen-reader-text\">Nosotros<\/span><\/a><\/p>\n","protected":false},"author":1,"featured_media":0,"parent":0,"menu_order":0,"comment_status":"closed","ping_status":"open","template":"","meta":{"neve_meta_sidebar":"","neve_meta_container":"","neve_meta_enable_content_width":"off","neve_meta_content_width":0,"neve_meta_title_alignment":"","neve_meta_author_avatar":"","neve_post_elements_order":"","neve_meta_disable_header":"","neve_meta_disable_footer":"","neve_meta_disable_title":"","footnotes":""},"_links":{"self":[{"href":"https:\/\/www.veterinariosvs.org\/editorial\/wp-json\/wp\/v2\/pages\/458"}],"collection":[{"href":"https:\/\/www.veterinariosvs.org\/editorial\/wp-json\/wp\/v2\/pages"}],"about":[{"href":"https:\/\/www.veterinariosvs.org\/editorial\/wp-json\/wp\/v2\/types\/page"}],"author":[{"embeddable":true,"href":"https:\/\/www.veterinariosvs.org\/editorial\/wp-json\/wp\/v2\/users\/1"}],"replies":[{"embeddable":true,"href":"https:\/\/www.veterinariosvs.org\/editorial\/wp-json\/wp\/v2\/comments?post=458"}],"version-history":[{"count":5,"href":"https:\/\/www.veterinariosvs.org\/editorial\/wp-json\/wp\/v2\/pages\/458\/revisions"}],"predecessor-version":[{"id":792,"href":"https:\/\/www.veterinariosvs.org\/editorial\/wp-json\/wp\/v2\/pages\/458\/revisions\/792"}],"wp:attachment":[{"href":"https:\/\/www.veterinariosvs.org\/editorial\/wp-json\/wp\/v2\/media?parent=458"}],"curies":[{"name":"wp","href":"https:\/\/api.w.org\/{rel}","templated":true}]}}